{"id":1034,"date":"2026-01-13T09:12:50","date_gmt":"2026-01-13T09:12:50","guid":{"rendered":"https:\/\/millboard.com\/en-gb\/?page_id=1034"},"modified":"2026-04-02T15:13:22","modified_gmt":"2026-04-02T14:13:22","slug":"nbs-source","status":"publish","type":"page","link":"https:\/\/millboard.com\/en-gb\/nbs-source\/","title":{"rendered":"NBS Source"},"content":{"rendered":"<header class=\"page-header wp-block alignfull has-brand-1-background-color has-background page-header--type--page has-breadcrumbs\">\n    <div class=\"page-header__inner\">\n                    <!-- Breadcrumbs -->\n            <div class=\"page-header__breadcrumbs\">\n                <nav class=\"breadcrumbs\">\n    <span class=\"breadcrumbs__yoast-wrapper\"><span><a href=\"https:\/\/millboard.com\/en-gb\/\">Home<\/a><\/span><\/span><\/nav>\n            <\/div>\n        \n        <div class=\"page-header__wrapper\">\n            <div class=\"page-header__image-wrapper page-header__image-wrapper--no-image\">\n                            <\/div>\n\n            <div class=\"page-header__content page-header__content--first\">\n                <div class=\"page-header__header\">\n                    \n                                            <h1 class=\"page-header__heading is-style-typestyle-h1\">NBS Source<\/h1>\n                                    <\/div>\n\n                            <\/div>\n                <div class=\"page-header__content page-header__content--last\">\n                            \n                \n                            <\/div>\n        <\/div>\n    <\/div>\n\n    <\/header>\n\n    <div class=\"woocommerce-notices-wrapper\"><\/div>\n\n\n<iframe style=\"border:none;height:250vh;min-height:500px;important;\" title=\"NBS Source website integration\" src=\"https:\/\/websiteintegration.source.thenbs.com\/products\/b7672c41-cfb0-e7fa-9c79-0898592286b7?backgroundColour=ffffff&amp;generalTextColour=333333&amp;borderColour=dbe0de&amp;linkColour=799513&amp;defaultButton=default&amp;fontFamily=Arial&amp;tileTitleSize=16&amp;productTitleSize=24&amp;descriptionSize=14&amp;borderWidth=1&amp;borderRadius=4&amp;productListing=all&amp;size=responsive&amp;showImages=true&amp;showTags=true&amp;showSustainabilityIcons=true&amp;showDescription=true&amp;showBosBadge=true&amp;showSourceLink=true&amp;showSpecHelp=true&amp;showProductVerification=true\"><\/iframe>\n","protected":false},"excerpt":{"rendered":"","protected":false},"author":10,"featured_media":0,"parent":0,"menu_order":0,"comment_status":"closed","ping_status":"closed","template":"","meta":{"_acf_changed":false,"content-type":"","footnotes":""},"class_list":["post-1034","page","type-page","status-publish","hentry"],"acf":[],"yoast_head":"<!-- This site is optimized with the Yoast SEO Premium plugin v27.3 (Yoast SEO v27.3) - https:\/\/yoast.com\/product\/yoast-seo-premium-wordpress\/ -->\n<title>Millboard NBS Source<\/title>\n<meta name=\"description\" content=\"Access Millboard products on NBS Source with BIM objects, technical specifications and literature for composite decking and cladding projects.\" \/>\n<meta name=\"robots\" content=\"index, follow, max-snippet:-1, max-image-preview:large, max-video-preview:-1\" \/>\n<link rel=\"canonical\" href=\"https:\/\/millboard.com\/en-gb\/nbs-source\/\" \/>\n<meta property=\"og:locale\" content=\"en_GB\" \/>\n<meta property=\"og:type\" content=\"article\" \/>\n<meta property=\"og:title\" content=\"NBS Source | Terrasses et bardages en composite Millboard\" \/>\n<meta property=\"og:description\" content=\"Bienvenue chez Millboard, o\u00f9 nous red\u00e9finissons votre fa\u00e7on de vivre les grands espaces. Nous sommes une entreprise familiale attach\u00e9e au savoir-faire britannique et \u00e0 la cr\u00e9ation de produits au design et \u00e0 la conception exceptionnels.\" \/>\n<meta property=\"og:url\" content=\"https:\/\/millboard.com\/en-gb\/nbs-source\/\" \/>\n<meta property=\"og:site_name\" content=\"EN GB - Residential\" \/>\n<meta property=\"article:publisher\" content=\"https:\/\/www.facebook.com\/MillboardFlooring\/\" \/>\n<meta property=\"article:modified_time\" content=\"2026-04-02T14:13:22+00:00\" \/>\n<meta property=\"og:image\" content=\"https:\/\/millboard.com\/en-gb\/wp-content\/uploads\/sites\/3\/2026\/01\/SL-Ebony-Grey-shoot-motion-blur.jpg\" \/>\n\t<meta property=\"og:image:width\" content=\"2000\" \/>\n\t<meta property=\"og:image:height\" content=\"1263\" \/>\n\t<meta property=\"og:image:type\" content=\"image\/jpeg\" \/>\n<meta name=\"twitter:card\" content=\"summary_large_image\" \/>\n<script type=\"application\/ld+json\" class=\"yoast-schema-graph\">{\"@context\":\"https:\\\/\\\/schema.org\",\"@graph\":[{\"@type\":\"WebPage\",\"@id\":\"https:\\\/\\\/millboard.com\\\/en-gb\\\/nbs-source\\\/\",\"url\":\"https:\\\/\\\/millboard.com\\\/en-gb\\\/nbs-source\\\/\",\"name\":\"Millboard NBS Source\",\"isPartOf\":{\"@id\":\"https:\\\/\\\/millboard.com\\\/en-gb\\\/#website\"},\"datePublished\":\"2026-01-13T09:12:50+00:00\",\"dateModified\":\"2026-04-02T14:13:22+00:00\",\"description\":\"Access Millboard products on NBS Source with BIM objects, technical specifications and literature for composite decking and cladding projects.\",\"breadcrumb\":{\"@id\":\"https:\\\/\\\/millboard.com\\\/en-gb\\\/nbs-source\\\/#breadcrumb\"},\"inLanguage\":\"en-GB\",\"potentialAction\":[{\"@type\":\"ReadAction\",\"target\":[\"https:\\\/\\\/millboard.com\\\/en-gb\\\/nbs-source\\\/\"]}]},{\"@type\":\"BreadcrumbList\",\"@id\":\"https:\\\/\\\/millboard.com\\\/en-gb\\\/nbs-source\\\/#breadcrumb\",\"itemListElement\":[{\"@type\":\"ListItem\",\"position\":1,\"name\":\"Home\",\"item\":\"https:\\\/\\\/millboard.com\\\/en-gb\\\/\"},{\"@type\":\"ListItem\",\"position\":2,\"name\":\"NBS Source\"}]},{\"@type\":\"WebSite\",\"@id\":\"https:\\\/\\\/millboard.com\\\/en-gb\\\/#website\",\"url\":\"https:\\\/\\\/millboard.com\\\/en-gb\\\/\",\"name\":\"Millboard\",\"description\":\"Live. Life. Outside.\",\"publisher\":{\"@id\":\"https:\\\/\\\/millboard.com\\\/en-gb\\\/#organization\"},\"alternateName\":\"The Millboard company\",\"potentialAction\":[{\"@type\":\"SearchAction\",\"target\":{\"@type\":\"EntryPoint\",\"urlTemplate\":\"https:\\\/\\\/millboard.com\\\/en-gb\\\/?s={search_term_string}\"},\"query-input\":{\"@type\":\"PropertyValueSpecification\",\"valueRequired\":true,\"valueName\":\"search_term_string\"}}],\"inLanguage\":\"en-GB\"},{\"@type\":\"Organization\",\"@id\":\"https:\\\/\\\/millboard.com\\\/en-gb\\\/#organization\",\"name\":\"Millboard\",\"alternateName\":\"The Millboard Company\",\"url\":\"https:\\\/\\\/millboard.com\\\/en-gb\\\/\",\"logo\":{\"@type\":\"ImageObject\",\"inLanguage\":\"en-GB\",\"@id\":\"https:\\\/\\\/millboard.com\\\/en-gb\\\/#\\\/schema\\\/logo\\\/image\\\/\",\"url\":\"https:\\\/\\\/millboard.com\\\/en-gb\\\/wp-content\\\/uploads\\\/sites\\\/3\\\/2026\\\/03\\\/Millboard-Logo-COL.png\",\"contentUrl\":\"https:\\\/\\\/millboard.com\\\/en-gb\\\/wp-content\\\/uploads\\\/sites\\\/3\\\/2026\\\/03\\\/Millboard-Logo-COL.png\",\"width\":2113,\"height\":1080,\"caption\":\"Millboard\"},\"image\":{\"@id\":\"https:\\\/\\\/millboard.com\\\/en-gb\\\/#\\\/schema\\\/logo\\\/image\\\/\"},\"sameAs\":[\"https:\\\/\\\/www.facebook.com\\\/MillboardFlooring\\\/\",\"https:\\\/\\\/www.youtube.com\\\/channel\\\/UCSvCnwAb4h1VdPVoFMKKRpw\",\"https:\\\/\\\/www.instagram.com\\\/millboard_live_life_outside\\\/\",\"https:\\\/\\\/www.pinterest.co.uk\\\/millboarddeckin\\\/_created\\\/\",\"https:\\\/\\\/www.linkedin.com\\\/company\\\/the-millboard-company\\\/?originalSubdomain=uk\"]}]}<\/script>\n<!-- \/ Yoast SEO Premium plugin. -->","yoast_head_json":{"title":"Millboard NBS Source","description":"Access Millboard products on NBS Source with BIM objects, technical specifications and literature for composite decking and cladding projects.","robots":{"index":"index","follow":"follow","max-snippet":"max-snippet:-1","max-image-preview":"max-image-preview:large","max-video-preview":"max-video-preview:-1"},"canonical":"https:\/\/millboard.com\/en-gb\/nbs-source\/","og_locale":"en_GB","og_type":"article","og_title":"NBS Source | Terrasses et bardages en composite Millboard","og_description":"Bienvenue chez Millboard, o\u00f9 nous red\u00e9finissons votre fa\u00e7on de vivre les grands espaces. Nous sommes une entreprise familiale attach\u00e9e au savoir-faire britannique et \u00e0 la cr\u00e9ation de produits au design et \u00e0 la conception exceptionnels.","og_url":"https:\/\/millboard.com\/en-gb\/nbs-source\/","og_site_name":"EN GB - Residential","article_publisher":"https:\/\/www.facebook.com\/MillboardFlooring\/","article_modified_time":"2026-04-02T14:13:22+00:00","og_image":[{"width":2000,"height":1263,"url":"https:\/\/millboard.com\/en-gb\/wp-content\/uploads\/sites\/3\/2026\/01\/SL-Ebony-Grey-shoot-motion-blur.jpg","type":"image\/jpeg"}],"twitter_card":"summary_large_image","schema":{"@context":"https:\/\/schema.org","@graph":[{"@type":"WebPage","@id":"https:\/\/millboard.com\/en-gb\/nbs-source\/","url":"https:\/\/millboard.com\/en-gb\/nbs-source\/","name":"Millboard NBS Source","isPartOf":{"@id":"https:\/\/millboard.com\/en-gb\/#website"},"datePublished":"2026-01-13T09:12:50+00:00","dateModified":"2026-04-02T14:13:22+00:00","description":"Access Millboard products on NBS Source with BIM objects, technical specifications and literature for composite decking and cladding projects.","breadcrumb":{"@id":"https:\/\/millboard.com\/en-gb\/nbs-source\/#breadcrumb"},"inLanguage":"en-GB","potentialAction":[{"@type":"ReadAction","target":["https:\/\/millboard.com\/en-gb\/nbs-source\/"]}]},{"@type":"BreadcrumbList","@id":"https:\/\/millboard.com\/en-gb\/nbs-source\/#breadcrumb","itemListElement":[{"@type":"ListItem","position":1,"name":"Home","item":"https:\/\/millboard.com\/en-gb\/"},{"@type":"ListItem","position":2,"name":"NBS Source"}]},{"@type":"WebSite","@id":"https:\/\/millboard.com\/en-gb\/#website","url":"https:\/\/millboard.com\/en-gb\/","name":"Millboard","description":"Live. Life. Outside.","publisher":{"@id":"https:\/\/millboard.com\/en-gb\/#organization"},"alternateName":"The Millboard company","potentialAction":[{"@type":"SearchAction","target":{"@type":"EntryPoint","urlTemplate":"https:\/\/millboard.com\/en-gb\/?s={search_term_string}"},"query-input":{"@type":"PropertyValueSpecification","valueRequired":true,"valueName":"search_term_string"}}],"inLanguage":"en-GB"},{"@type":"Organization","@id":"https:\/\/millboard.com\/en-gb\/#organization","name":"Millboard","alternateName":"The Millboard Company","url":"https:\/\/millboard.com\/en-gb\/","logo":{"@type":"ImageObject","inLanguage":"en-GB","@id":"https:\/\/millboard.com\/en-gb\/#\/schema\/logo\/image\/","url":"https:\/\/millboard.com\/en-gb\/wp-content\/uploads\/sites\/3\/2026\/03\/Millboard-Logo-COL.png","contentUrl":"https:\/\/millboard.com\/en-gb\/wp-content\/uploads\/sites\/3\/2026\/03\/Millboard-Logo-COL.png","width":2113,"height":1080,"caption":"Millboard"},"image":{"@id":"https:\/\/millboard.com\/en-gb\/#\/schema\/logo\/image\/"},"sameAs":["https:\/\/www.facebook.com\/MillboardFlooring\/","https:\/\/www.youtube.com\/channel\/UCSvCnwAb4h1VdPVoFMKKRpw","https:\/\/www.instagram.com\/millboard_live_life_outside\/","https:\/\/www.pinterest.co.uk\/millboarddeckin\/_created\/","https:\/\/www.linkedin.com\/company\/the-millboard-company\/?originalSubdomain=uk"]}]}},"_links":{"self":[{"href":"https:\/\/millboard.com\/en-gb\/wp-json\/wp\/v2\/pages\/1034","targetHints":{"allow":["GET"]}}],"collection":[{"href":"https:\/\/millboard.com\/en-gb\/wp-json\/wp\/v2\/pages"}],"about":[{"href":"https:\/\/millboard.com\/en-gb\/wp-json\/wp\/v2\/types\/page"}],"author":[{"embeddable":true,"href":"https:\/\/millboard.com\/en-gb\/wp-json\/wp\/v2\/users\/10"}],"replies":[{"embeddable":true,"href":"https:\/\/millboard.com\/en-gb\/wp-json\/wp\/v2\/comments?post=1034"}],"version-history":[{"count":8,"href":"https:\/\/millboard.com\/en-gb\/wp-json\/wp\/v2\/pages\/1034\/revisions"}],"predecessor-version":[{"id":12881,"href":"https:\/\/millboard.com\/en-gb\/wp-json\/wp\/v2\/pages\/1034\/revisions\/12881"}],"wp:attachment":[{"href":"https:\/\/millboard.com\/en-gb\/wp-json\/wp\/v2\/media?parent=1034"}],"curies":[{"name":"wp","href":"https:\/\/api.w.org\/{rel}","templated":true}]}}